{"id":14882,"date":"2023-03-02T16:17:01","date_gmt":"2023-03-02T16:17:01","guid":{"rendered":"https:\/\/fhinstru.com\/?post_type=product&#038;p=14882"},"modified":"2023-03-03T11:34:57","modified_gmt":"2023-03-03T11:34:57","slug":"clipsal-ebs5031nl-c-bus-entree-cle-1-vitesse-activee-learn-plaque-en-acier-inoxydable-ebay","status":"publish","type":"product","link":"https:\/\/fhinstru.com\/index.php\/product\/clipsal-ebs5031nl-c-bus-entree-cle-1-vitesse-activee-learn-plaque-en-acier-inoxydable-ebay\/","title":{"rendered":"CLIPSAL EBS5031NL C-BUS, entr\u00e9e cl\u00e9, 1 vitesse, activ\u00e9e Learn, plaque en acier inoxydable  | eBay"},"content":{"rendered":"<h1><\/h1>\n<p><strong><em>CLIPSAL EBS5031NL C-BUS Flat Plate,Key Input,1 Gang,Learn Enabled,Stainless Steel Plate<\/em><\/strong><\/p>\n<p>&nbsp;<\/p>\n<p><strong><em>NEW IN BOX OLD STOCK<\/em><\/strong><\/p>\n<ul>\n<li><strong><em>Full Working Condition\u00a0<\/em><\/strong><\/li>\n<li><strong><em>No Drivers No Software\u00a0<\/em><\/strong><\/li>\n<li><strong><em>No Interface Cables\u00a0<\/em><\/strong><\/li>\n<li class=\"ql-indent-1\"><strong><em>14\u00a014 Days Return warranty<\/em><\/strong><\/li>\n<li><\/li>\n<li class=\"ql-indent-1\"><strong><em>When you receive this parcel, please don\u2019t hesitate to contact me by eBay message or email,\u00a0<\/em><\/strong><\/li>\n<li><strong><em>I will get back to you ASAP to resolve the problem.\u00a0<\/em><\/strong><\/li>\n<li><strong><em>Please note that, due to this being an international transaction, Parcel arrival time depends on weather conditions, customs policy, post office efficiency, special holidays etc.<\/em><\/strong><\/li>\n<li><strong><em>Thank you for your understanding if your item was delayed. As a sincere eBay seller, I hope customers get their item shortly and are satisfied with service, please do me a favour,<\/em><\/strong><\/li>\n<li><strong><em>\u00a0leave positive feedback with an overall Detailed Seller Ratings (DSR) of all 5 stars to show your satisfaction.\u00a0<\/em><\/strong><\/li>\n<li><strong><em>In case a problem with your order, make sure CONTACT ME before leaving Negative feedback. Leaving negative feedback without communication is not a best choice, I think. Negative \/Neutral feedback cannot solve any problem;\u00a0<\/em><\/strong><\/li>\n<li><strong><em>I will try my best to let you have a happy buyer experience on eBay.\u00a0<\/em><\/strong><\/li>\n<li><strong><em>\u00a0Have a nice day.\u00a0<\/em><\/strong><\/li>\n<\/ul>\n","protected":false},"excerpt":{"rendered":"<p>CLIPSAL EBS5031NL C-BUS Flat Plate,Key Input,1 Gang,Learn Enabled,Stainless Steel Plate &nbsp; NEW IN BOX OLD STOCK Full Working Condition\u00a0 No<\/p>\n","protected":false},"featured_media":14879,"comment_status":"open","ping_status":"closed","template":"","meta":{"content-type":""},"product_brand":[],"product_cat":[35],"product_tag":[],"class_list":{"0":"post-14882","1":"product","2":"type-product","3":"status-publish","4":"has-post-thumbnail","6":"product_cat-all-products","8":"first","9":"instock","10":"taxable","11":"shipping-taxable","12":"purchasable","13":"product-type-simple"},"jetpack_sharing_enabled":true,"_links":{"self":[{"href":"https:\/\/fhinstru.com\/index.php\/wp-json\/wp\/v2\/product\/14882","targetHints":{"allow":["GET"]}}],"collection":[{"href":"https:\/\/fhinstru.com\/index.php\/wp-json\/wp\/v2\/product"}],"about":[{"href":"https:\/\/fhinstru.com\/index.php\/wp-json\/wp\/v2\/types\/product"}],"replies":[{"embeddable":true,"href":"https:\/\/fhinstru.com\/index.php\/wp-json\/wp\/v2\/comments?post=14882"}],"wp:featuredmedia":[{"embeddable":true,"href":"https:\/\/fhinstru.com\/index.php\/wp-json\/wp\/v2\/media\/14879"}],"wp:attachment":[{"href":"https:\/\/fhinstru.com\/index.php\/wp-json\/wp\/v2\/media?parent=14882"}],"wp:term":[{"taxonomy":"product_brand","embeddable":true,"href":"https:\/\/fhinstru.com\/index.php\/wp-json\/wp\/v2\/product_brand?post=14882"},{"taxonomy":"product_cat","embeddable":true,"href":"https:\/\/fhinstru.com\/index.php\/wp-json\/wp\/v2\/product_cat?post=14882"},{"taxonomy":"product_tag","embeddable":true,"href":"https:\/\/fhinstru.com\/index.php\/wp-json\/wp\/v2\/product_tag?post=14882"}],"curies":[{"name":"wp","href":"https:\/\/api.w.org\/{rel}","templated":true}]}}